{"id":488,"date":"2024-10-16T11:23:39","date_gmt":"2024-10-16T11:23:39","guid":{"rendered":"https:\/\/www.werbefitnessband.com\/start\/"},"modified":"2026-02-07T17:29:36","modified_gmt":"2026-02-07T17:29:36","slug":"start","status":"publish","type":"page","link":"https:\/\/www.werbefitnessband.com\/it\/","title":{"rendered":"Start"},"content":{"rendered":"\n<figure class=\"wp-block-image size-full\"><img loading=\"lazy\" decoding=\"async\" width=\"2500\" height=\"1372\" src=\"https:\/\/www.werbefitnessband.com\/wp-content\/uploads\/2024\/10\/werbefitnessband-1.jpg\" alt=\"Donna che si allena davanti a una vetrina con una fascia fitness promozionale. Testo: sempre etico, sempre sostenibile, dalla pianta al prodotto. Loghi: Fair Rubber, Vegan\" class=\"wp-image-388\" srcset=\"https:\/\/www.werbefitnessband.com\/wp-content\/uploads\/2024\/10\/werbefitnessband-1.jpg 2500w, https:\/\/www.werbefitnessband.com\/wp-content\/uploads\/2024\/10\/werbefitnessband-1-768x421.jpg 768w, https:\/\/www.werbefitnessband.com\/wp-content\/uploads\/2024\/10\/werbefitnessband-1-1536x843.jpg 1536w, https:\/\/www.werbefitnessband.com\/wp-content\/uploads\/2024\/10\/werbefitnessband-1-2048x1124.jpg 2048w\" sizes=\"auto, (max-width: 2500px) 100vw, 2500px\" \/><\/figure>\n\n\n\n<h1 class=\"wp-block-heading has-text-align-center\">Fasce fitness come articolo promozionale<\/h1>\n\n\n\n<h2 class=\"wp-block-heading has-text-align-center\">Tornate a muovervi rapidamente<\/h2>\n\n\n\n<p class=\"has-text-align-center has-medium-font-size\"><strong>Con stampa del vostro logo e confezione personalizzata<\/strong><\/p>\n\n\n\n<div style=\"height:30px\" aria-hidden=\"true\" class=\"wp-block-spacer\"><\/div>\n\n\n\n<div class=\"wp-block-columns white is-layout-flex wp-container-core-columns-is-layout-9d6595d7 wp-block-columns-is-layout-flex\">\n<div class=\"wp-block-column is-layout-flow wp-block-column-is-layout-flow\">\n<figure class=\"wp-block-image size-full\"><img loading=\"lazy\" decoding=\"async\" width=\"800\" height=\"1202\" src=\"https:\/\/www.werbefitnessband.com\/wp-content\/uploads\/2024\/10\/werbefitnessband-2.jpg\" alt=\"Donna che si allena con la fascia fitness promozionale verde\" class=\"wp-image-391\" srcset=\"https:\/\/www.werbefitnessband.com\/wp-content\/uploads\/2024\/10\/werbefitnessband-2.jpg 800w, https:\/\/www.werbefitnessband.com\/wp-content\/uploads\/2024\/10\/werbefitnessband-2-511x768.jpg 511w, https:\/\/www.werbefitnessband.com\/wp-content\/uploads\/2024\/10\/werbefitnessband-2-768x1154.jpg 768w\" sizes=\"auto, (max-width: 800px) 100vw, 800px\" \/><\/figure>\n<\/div>\n\n\n\n<div class=\"wp-block-column is-layout-flow wp-block-column-is-layout-flow\">\n<h2 class=\"wp-block-heading\">Le fasce per il fitness sono consigliate da fisioterapisti e compagnie di assicurazione sanitaria<\/h2>\n\n\n\n<p class=\"has-white-color has-text-color has-background has-link-color wp-elements-c324d197263385fb1e7dd4856fc762d4\" style=\"background-color:#669e2e\"><strong>PRODOTTE CON GOMMA NATURALE<br>DISPONIBILI IN 7 RESISTENZE E 2 LUNGHEZZE<\/strong><\/p>\n\n\n\n<ul class=\"wp-block-list\">\n<li><strong>Attrezzatura ideale per l&#8217;allenamento<\/strong>, ad esempio per la promozione della salute sul posto di lavoro, versatile nell&#8217;uso<\/li>\n\n\n\n<li>Adatto <strong>per Pilates, ginnastica e Crossfit<\/strong><\/li>\n\n\n\n<li><strong>Elevato valore d&#8217;uso<\/strong>, articolo promozionale accattivante e di lunga durata<\/li>\n\n\n\n<li><strong>Stampabile con il vostro logo a partire da 500 pezzi<\/strong>, varie opzioni di confezionamento, anche senza plastica<\/li>\n\n\n\n<li><strong>Disponibili su richiesta con brochure fitness allegata<\/strong> con esercizi di allenamento illustrati <\/li>\n<\/ul>\n\n\n\n<p>Le nostre fasce per il fitness sono prive di plastificanti e altre sostanze nocive (ad esempio ftalati cancerogeni), vegane e senza plastica. Le fasce sono versatili, resistenti e facili da usare per le articolazioni.<\/p>\n<\/div>\n<\/div>\n\n\n\n<div style=\"height:40px\" aria-hidden=\"true\" class=\"wp-block-spacer\"><\/div>\n\n\n\n<div class=\"wp-block-columns white is-layout-flex wp-container-core-columns-is-layout-9d6595d7 wp-block-columns-is-layout-flex\">\n<div class=\"wp-block-column is-layout-flow wp-block-column-is-layout-flow\">\n<h2 class=\"wp-block-heading\">Fascia fitness in 2 lunghezze: <br>200 x 12 cm o 150 x 12 cm.<\/h2>\n\n\n\n<div style=\"height:60px\" aria-hidden=\"true\" class=\"wp-block-spacer\"><\/div>\n\n\n\n<div class=\"wp-block-group has-white-color has-text-color has-background has-link-color wp-elements-43dc04335c48789c46a9812d044606b0\" style=\"background-color:#669e2e\"><div class=\"wp-block-group__inner-container is-layout-constrained wp-block-group-is-layout-constrained\">\n<div style=\"height:20px\" aria-hidden=\"true\" class=\"wp-block-spacer\"><\/div>\n\n\n\n<h3 class=\"wp-block-heading\">Un esempio di costo:<\/h3>\n\n\n\n<ul class=\"wp-block-list has-white-color has-text-color has-link-color wp-elements-0e9bde524121549159a2c7564e8c9d8a\">\n<li><strong>Bande di media resistenza, medie (verdi)<\/strong><\/li>\n\n\n\n<li><strong>200 x 12 cm<\/strong><\/li>\n\n\n\n<li><strong>1.000 pezzi<\/strong><\/li>\n\n\n\n<li><strong>Stampato a un colore<\/strong><\/li>\n\n\n\n<li><strong>In confezione piatta<\/strong><\/li>\n<\/ul>\n\n\n\n<p class=\"has-medium-font-size\"><strong>= Totale netto \u20ac 3,90 \/ pezzo (+ IVA)<\/strong><\/p>\n\n\n\n<div style=\"height:1px\" aria-hidden=\"true\" class=\"wp-block-spacer\"><\/div>\n<\/div><\/div>\n<\/div>\n\n\n\n<div class=\"wp-block-column is-layout-flow wp-block-column-is-layout-flow\">\n<h3 class=\"wp-block-heading\">Disponibile in 7 spessori<\/h3>\n\n\n\n<div style=\"height:8px\" aria-hidden=\"true\" class=\"wp-block-spacer\"><\/div>\n\n\n<div class=\"wp-block-image float-mobile\">\n<figure class=\"alignleft size-full is-resized\"><img loading=\"lazy\" decoding=\"async\" width=\"400\" height=\"400\" src=\"https:\/\/www.werbefitnessband.com\/wp-content\/uploads\/2024\/10\/square-yellow.jpg\" alt=\"Gelb\" class=\"wp-image-207\" style=\"width:48px\" srcset=\"https:\/\/www.werbefitnessband.com\/wp-content\/uploads\/2024\/10\/square-yellow.jpg 400w, https:\/\/www.werbefitnessband.com\/wp-content\/uploads\/2024\/10\/square-yellow-150x150.jpg 150w\" sizes=\"auto, (max-width: 400px) 100vw, 400px\" \/><\/figure>\n<\/div>\n\n\n<p><strong>CHIARO (GIALLO)<\/strong><br>Spessore 0,15 mm, 1,7 KG*<\/p>\n\n\n\n<div style=\"height:2px\" aria-hidden=\"true\" class=\"wp-block-spacer\"><\/div>\n\n\n<div class=\"wp-block-image float-mobile\">\n<figure class=\"alignleft size-full is-resized\"><img loading=\"lazy\" decoding=\"async\" width=\"400\" height=\"400\" src=\"https:\/\/www.werbefitnessband.com\/wp-content\/uploads\/2024\/10\/square-red.jpg\" alt=\"Rot\" class=\"wp-image-203\" style=\"width:48px\" srcset=\"https:\/\/www.werbefitnessband.com\/wp-content\/uploads\/2024\/10\/square-red.jpg 400w, https:\/\/www.werbefitnessband.com\/wp-content\/uploads\/2024\/10\/square-red-150x150.jpg 150w\" sizes=\"auto, (max-width: 400px) 100vw, 400px\" \/><\/figure>\n<\/div>\n\n\n<p><strong>LUCE + (ROSSO)<\/strong><br>Spessore 0,20 mm, 2,3 KG*<\/p>\n\n\n\n<div style=\"height:2px\" aria-hidden=\"true\" class=\"wp-block-spacer\"><\/div>\n\n\n<div class=\"wp-block-image float-mobile\">\n<figure class=\"alignleft size-full is-resized\"><img loading=\"lazy\" decoding=\"async\" width=\"400\" height=\"400\" src=\"https:\/\/www.werbefitnessband.com\/wp-content\/uploads\/2024\/10\/square-green.jpg\" alt=\"Gr\u00fcn\" class=\"wp-image-199\" style=\"width:48px\" srcset=\"https:\/\/www.werbefitnessband.com\/wp-content\/uploads\/2024\/10\/square-green.jpg 400w, https:\/\/www.werbefitnessband.com\/wp-content\/uploads\/2024\/10\/square-green-150x150.jpg 150w\" sizes=\"auto, (max-width: 400px) 100vw, 400px\" \/><\/figure>\n<\/div>\n\n\n<p><strong>MEDIO (VERDE)<\/strong><br>Spessore 0,25 mm, 2,9 KG*<\/p>\n\n\n\n<div style=\"height:2px\" aria-hidden=\"true\" class=\"wp-block-spacer\"><\/div>\n\n\n<div class=\"wp-block-image float-mobile\">\n<figure class=\"alignleft size-full is-resized\"><img loading=\"lazy\" decoding=\"async\" width=\"400\" height=\"400\" src=\"https:\/\/www.werbefitnessband.com\/wp-content\/uploads\/2024\/10\/square-blue.jpg\" alt=\"Blau\" class=\"wp-image-197\" style=\"width:48px\" srcset=\"https:\/\/www.werbefitnessband.com\/wp-content\/uploads\/2024\/10\/square-blue.jpg 400w, https:\/\/www.werbefitnessband.com\/wp-content\/uploads\/2024\/10\/square-blue-150x150.jpg 150w\" sizes=\"auto, (max-width: 400px) 100vw, 400px\" \/><\/figure>\n<\/div>\n\n\n<p><strong>MEDIO + (BLU)<\/strong><br>Spessore 0,30 mm, 3,6 KG*<\/p>\n\n\n\n<div style=\"height:2px\" aria-hidden=\"true\" class=\"wp-block-spacer\"><\/div>\n\n\n<div class=\"wp-block-image float-mobile\">\n<figure class=\"alignleft size-full is-resized\"><img loading=\"lazy\" decoding=\"async\" width=\"400\" height=\"400\" src=\"https:\/\/www.werbefitnessband.com\/wp-content\/uploads\/2024\/10\/square-black.jpg\" alt=\"Schwarz\" class=\"wp-image-195\" style=\"width:48px\" srcset=\"https:\/\/www.werbefitnessband.com\/wp-content\/uploads\/2024\/10\/square-black.jpg 400w, https:\/\/www.werbefitnessband.com\/wp-content\/uploads\/2024\/10\/square-black-150x150.jpg 150w\" sizes=\"auto, (max-width: 400px) 100vw, 400px\" \/><\/figure>\n<\/div>\n\n\n<p><strong>FORTE (NERO)<\/strong><br>Spessore 0,35 mm, 4,4 KG*<\/p>\n\n\n\n<div style=\"height:2px\" aria-hidden=\"true\" class=\"wp-block-spacer\"><\/div>\n\n\n<div class=\"wp-block-image float-mobile\">\n<figure class=\"alignleft size-full is-resized\"><img loading=\"lazy\" decoding=\"async\" width=\"400\" height=\"400\" src=\"https:\/\/www.werbefitnessband.com\/wp-content\/uploads\/2024\/10\/square-lila.jpg\" alt=\"Lila\" class=\"wp-image-201\" style=\"width:48px\" srcset=\"https:\/\/www.werbefitnessband.com\/wp-content\/uploads\/2024\/10\/square-lila.jpg 400w, https:\/\/www.werbefitnessband.com\/wp-content\/uploads\/2024\/10\/square-lila-150x150.jpg 150w\" sizes=\"auto, (max-width: 400px) 100vw, 400px\" \/><\/figure>\n<\/div>\n\n\n<p><strong>FORTE + (VIOLA)<\/strong><br>Spessore 0,40 mm, 5,2 KG*<\/p>\n\n\n\n<div style=\"height:2px\" aria-hidden=\"true\" class=\"wp-block-spacer\"><\/div>\n\n\n<div class=\"wp-block-image float-mobile\">\n<figure class=\"alignleft size-full is-resized\"><img loading=\"lazy\" decoding=\"async\" width=\"400\" height=\"400\" src=\"https:\/\/www.werbefitnessband.com\/wp-content\/uploads\/2024\/10\/square-silver.jpg\" alt=\"Silber\" class=\"wp-image-205\" style=\"width:48px\" srcset=\"https:\/\/www.werbefitnessband.com\/wp-content\/uploads\/2024\/10\/square-silver.jpg 400w, https:\/\/www.werbefitnessband.com\/wp-content\/uploads\/2024\/10\/square-silver-150x150.jpg 150w\" sizes=\"auto, (max-width: 400px) 100vw, 400px\" \/><\/figure>\n<\/div>\n\n\n<p><strong>FORTE ULTIMO (ARGENTO)<\/strong><br>Spessore 0,45 mm, 6,0 KG*<\/p>\n\n\n\n<div style=\"height:2px\" aria-hidden=\"true\" class=\"wp-block-spacer\"><\/div>\n\n\n\n<p class=\"has-small-font-size\">* Resistenza (kg) in caso di allungamento del 200%.<\/p>\n<\/div>\n<\/div>\n\n\n\n<div style=\"height:30px\" aria-hidden=\"true\" class=\"wp-block-spacer\"><\/div>\n\n\n\n<h2 class=\"wp-block-heading has-text-align-center\">Motivate le persone ad allenarsi di pi\u00f9 con una fascia fitness versatile e a basso costo.<\/h2>\n\n\n\n<div style=\"height:30px\" aria-hidden=\"true\" class=\"wp-block-spacer\"><\/div>\n\n\n\n<div class=\"wp-block-columns is-layout-flex wp-container-core-columns-is-layout-9d6595d7 wp-block-columns-is-layout-flex\">\n<div class=\"wp-block-column is-layout-flow wp-block-column-is-layout-flow\">\n<figure class=\"wp-block-image size-full\"><img loading=\"lazy\" decoding=\"async\" width=\"800\" height=\"800\" src=\"https:\/\/www.werbefitnessband.com\/wp-content\/uploads\/2024\/10\/werbefitnessband-6.jpg\" alt=\"Fascia fitness promozionale: logo proprio\" class=\"wp-image-403\" srcset=\"https:\/\/www.werbefitnessband.com\/wp-content\/uploads\/2024\/10\/werbefitnessband-6.jpg 800w, https:\/\/www.werbefitnessband.com\/wp-content\/uploads\/2024\/10\/werbefitnessband-6-768x768.jpg 768w, https:\/\/www.werbefitnessband.com\/wp-content\/uploads\/2024\/10\/werbefitnessband-6-150x150.jpg 150w\" sizes=\"auto, (max-width: 800px) 100vw, 800px\" \/><\/figure>\n\n\n\n<div style=\"height:16px\" aria-hidden=\"true\" class=\"wp-block-spacer\"><\/div>\n\n\n\n<h3 class=\"wp-block-heading\">Il vostro logo<\/h3>\n\n\n\n<p>Il logo pu\u00f2 essere stampato in bianco o nero. La stampa \u00e8 molto elastica e resistente.<\/p>\n<\/div>\n\n\n\n<div class=\"wp-block-column is-layout-flow wp-block-column-is-layout-flow\">\n<figure class=\"wp-block-image size-full\"><img loading=\"lazy\" decoding=\"async\" width=\"800\" height=\"800\" src=\"https:\/\/www.werbefitnessband.com\/wp-content\/uploads\/2024\/10\/werbefitnessband-4.jpg\" alt=\"Confezione personalizzata per fascia fitness\" class=\"wp-image-397\" srcset=\"https:\/\/www.werbefitnessband.com\/wp-content\/uploads\/2024\/10\/werbefitnessband-4.jpg 800w, https:\/\/www.werbefitnessband.com\/wp-content\/uploads\/2024\/10\/werbefitnessband-4-768x768.jpg 768w, https:\/\/www.werbefitnessband.com\/wp-content\/uploads\/2024\/10\/werbefitnessband-4-150x150.jpg 150w\" sizes=\"auto, (max-width: 800px) 100vw, 800px\" \/><\/figure>\n\n\n\n<div style=\"height:16px\" aria-hidden=\"true\" class=\"wp-block-spacer\"><\/div>\n\n\n\n<h3 class=\"wp-block-heading\">La vostra confezione<\/h3>\n\n\n\n<p>Molto spazio per la vostra etichetta promozionale e\/o il vostro logo. Possiamo produrre per voi la confezione con linguetta da infilare a partire da soli 500 pezzi. Grafica realizzata da noi o dal vostro reparto grafico con un modello di design esistente.<\/p>\n<\/div>\n\n\n\n<div class=\"wp-block-column is-layout-flow wp-block-column-is-layout-flow\">\n<figure class=\"wp-block-image size-full\"><img loading=\"lazy\" decoding=\"async\" width=\"800\" height=\"800\" src=\"https:\/\/www.werbefitnessband.com\/wp-content\/uploads\/2024\/10\/werbefitnessband-5.jpg\" alt=\"Opuscolo fitness: Allenamento con la fascia fitness\" class=\"wp-image-400\" srcset=\"https:\/\/www.werbefitnessband.com\/wp-content\/uploads\/2024\/10\/werbefitnessband-5.jpg 800w, https:\/\/www.werbefitnessband.com\/wp-content\/uploads\/2024\/10\/werbefitnessband-5-768x768.jpg 768w, https:\/\/www.werbefitnessband.com\/wp-content\/uploads\/2024\/10\/werbefitnessband-5-150x150.jpg 150w\" sizes=\"auto, (max-width: 800px) 100vw, 800px\" \/><\/figure>\n\n\n\n<div style=\"height:16px\" aria-hidden=\"true\" class=\"wp-block-spacer\"><\/div>\n\n\n\n<h3 class=\"wp-block-heading\">La vostra brochure sul fitness<\/h3>\n\n\n\n<p>In formato DIN A6, c&#8217;\u00e8 spazio per 17 esercizi di fitness e testi esplicativi su 24 pagine. Le copertine possono essere personalizzate da noi o dal vostro ufficio grafico con un modello esistente.<\/p>\n<\/div>\n<\/div>\n\n\n\n<div style=\"height:30px\" aria-hidden=\"true\" class=\"wp-block-spacer\"><\/div>\n\n\n\n<p>L&#8217;assistenza sanitaria sul lavoro e la riabilitazione fisica sono sempre pi\u00f9 al centro dell&#8217;attenzione delle aziende e delle organizzazioni sanitarie. Aumentare il livello di forma fisica \u00e8 di grande utilit\u00e0, soprattutto per la societ\u00e0. Molte aziende incoraggiano i propri dipendenti a mantenersi in forma, mentre le assicurazioni sanitarie e contro gli infortuni sono interessate a misure di riabilitazione efficaci che utilizzano prodotti sanitari economici.<\/p>\n\n\n\n<h3 class=\"wp-block-heading\">Abbiamo ampliato notevolmente la nostra gamma e l&#8217;abbiamo resa pi\u00f9 flessibile (tempi di consegna pi\u00f9 brevi) per offrirvi un&#8217;offerta completa:<\/h3>\n\n\n\n<p>Siamo in grado di produrre <strong>fasce elastiche per fitness <\/strong>anche in piccole quantit\u00e0, stamparle e confezionarle in una custodia personalizzabile.E per completare l&#8217;offerta e garantire un uso intensivo dell&#8217;attrezzo fitness, \u00e8 possibile includere un opuscolo con 17 istruzioni per gli esercizi. Il titolo pu\u00f2 essere personalizzato con il vostro logo o potete disegnare il titolo secondo i vostri desideri. Se necessario, la brochure pu\u00f2 essere prodotta in tempi brevissimi con la nostra <strong>opzione di consegna rapida<\/strong> (4 settimane, a seconda della tiratura).<br><br>La vostra azienda diventer\u00e0 cos\u00ec il mittente riconoscibile di un prodotto per la salute che, idealmente, promuove gli sforzi per migliorare la forma fisica, anche nell&#8217;interesse dell&#8217;azienda.<\/p>\n\n\n\n<p><strong>Saremo lieti di proporvi un&#8217;offerta personalizzata per questo prodotto.<\/strong><\/p>\n\n\n\n<div style=\"height:30px\" aria-hidden=\"true\" class=\"wp-block-spacer\"><\/div>\n\n\n\n<figure class=\"wp-block-image size-full\"><img loading=\"lazy\" decoding=\"async\" width=\"2500\" height=\"1372\" src=\"https:\/\/www.werbefitnessband.com\/wp-content\/uploads\/2024\/10\/werbefitnessband-3.jpg\" alt=\"Donna che si allena davanti a una finestra con una fascia fitness pubblicitaria. Testo: sempre etico, sempre sostenibile, dalla pianta al prodotto.\" class=\"wp-image-394\" srcset=\"https:\/\/www.werbefitnessband.com\/wp-content\/uploads\/2024\/10\/werbefitnessband-3.jpg 2500w, https:\/\/www.werbefitnessband.com\/wp-content\/uploads\/2024\/10\/werbefitnessband-3-768x421.jpg 768w, https:\/\/www.werbefitnessband.com\/wp-content\/uploads\/2024\/10\/werbefitnessband-3-1536x843.jpg 1536w, https:\/\/www.werbefitnessband.com\/wp-content\/uploads\/2024\/10\/werbefitnessband-3-2048x1124.jpg 2048w\" sizes=\"auto, (max-width: 2500px) 100vw, 2500px\" \/><\/figure>\n","protected":false},"excerpt":{"rendered":"<p>Fasce fitness come articolo promozionale Tornate a muovervi rapidamente Con stampa del vostro logo e confezione personalizzata Le fasce per il fitness sono consigliate da fisioterapisti e compagnie di assicurazione sanitaria PRODOTTE CON GOMMA NATURALEDISPONIBILI IN 7 RESISTENZE E 2 LUNGHEZZE Le nostre fasce per il fitness sono [&hellip;]<\/p>\n","protected":false},"author":2,"featured_media":0,"parent":0,"menu_order":1,"comment_status":"closed","ping_status":"closed","template":"","meta":{"_acf_changed":false,"footnotes":""},"class_list":["post-488","page","type-page","status-publish","hentry"],"acf":[],"_links":{"self":[{"href":"https:\/\/www.werbefitnessband.com\/it\/wp-json\/wp\/v2\/pages\/488","targetHints":{"allow":["GET"]}}],"collection":[{"href":"https:\/\/www.werbefitnessband.com\/it\/wp-json\/wp\/v2\/pages"}],"about":[{"href":"https:\/\/www.werbefitnessband.com\/it\/wp-json\/wp\/v2\/types\/page"}],"author":[{"embeddable":true,"href":"https:\/\/www.werbefitnessband.com\/it\/wp-json\/wp\/v2\/users\/2"}],"replies":[{"embeddable":true,"href":"https:\/\/www.werbefitnessband.com\/it\/wp-json\/wp\/v2\/comments?post=488"}],"version-history":[{"count":6,"href":"https:\/\/www.werbefitnessband.com\/it\/wp-json\/wp\/v2\/pages\/488\/revisions"}],"predecessor-version":[{"id":582,"href":"https:\/\/www.werbefitnessband.com\/it\/wp-json\/wp\/v2\/pages\/488\/revisions\/582"}],"wp:attachment":[{"href":"https:\/\/www.werbefitnessband.com\/it\/wp-json\/wp\/v2\/media?parent=488"}],"curies":[{"name":"wp","href":"https:\/\/api.w.org\/{rel}","templated":true}]}}