{"id":484,"date":"2024-10-16T11:52:52","date_gmt":"2024-10-16T11:52:52","guid":{"rendered":"https:\/\/www.werbefitnessband.com\/cookie-einstellungen\/"},"modified":"2025-07-30T16:09:26","modified_gmt":"2025-07-30T16:09:26","slug":"parametres-des-cookies","status":"publish","type":"page","link":"https:\/\/www.werbefitnessband.com\/fr\/parametres-des-cookies\/","title":{"rendered":"Param\u00e8tres des cookies"},"content":{"rendered":"\n<div class=\"wp-block-columns white is-layout-flex wp-container-core-columns-is-layout-9d6595d7 wp-block-columns-is-layout-flex\">\n<div class=\"wp-block-column is-layout-flow wp-block-column-is-layout-flow\" style=\"flex-basis:33.33%\"><\/div>\n\n\n\n<div class=\"wp-block-column is-layout-flow wp-block-column-is-layout-flow\" style=\"flex-basis:66.66%\">\n<h1 class=\"wp-block-heading\">Param\u00e8tres des cookies<\/h1>\n\n\n\n<p>Ce site web utilise le Borlabs Cookie, qui d\u00e9finit les cookies techniquement n\u00e9cessaires <em>(borlabs-cookie)<\/em> pour stocker vos consentements aux cookies. Borlabs-cookie ne traite aucune donn\u00e9e personnelle.<\/p>\n\n\n\n<p>Le cookie <em>borlabs-cookie<\/em> enregistre le consentement que vous avez donn\u00e9 lorsque vous \u00eates entr\u00e9 sur le site web. Vous pouvez r\u00e9gler vos param\u00e8tres de cookies ici :<\/p>\n\n\n<span class=\"borlabs-cookie-open-dialog-preferences brlbs-cmpnt-container\" data-borlabs-cookie-title=\"Modifier les param\u00e8tres des cookies\" data-borlabs-cookie-type=\"button\" ><\/span>\n<\/div>\n<\/div>\n","protected":false},"excerpt":{"rendered":"<p>Param\u00e8tres des cookies Ce site web utilise le Borlabs Cookie, qui d\u00e9finit les cookies techniquement n\u00e9cessaires (borlabs-cookie) pour stocker vos consentements aux cookies. Borlabs-cookie ne traite aucune donn\u00e9e personnelle. Le cookie borlabs-cookie enregistre le consentement que vous avez donn\u00e9 lorsque vous \u00eates entr\u00e9 sur le site web. Vous [&hellip;]<\/p>\n","protected":false},"author":2,"featured_media":0,"parent":0,"menu_order":12,"comment_status":"closed","ping_status":"closed","template":"","meta":{"_acf_changed":false,"footnotes":""},"class_list":["post-484","page","type-page","status-publish","hentry"],"acf":[],"_links":{"self":[{"href":"https:\/\/www.werbefitnessband.com\/fr\/wp-json\/wp\/v2\/pages\/484","targetHints":{"allow":["GET"]}}],"collection":[{"href":"https:\/\/www.werbefitnessband.com\/fr\/wp-json\/wp\/v2\/pages"}],"about":[{"href":"https:\/\/www.werbefitnessband.com\/fr\/wp-json\/wp\/v2\/types\/page"}],"author":[{"embeddable":true,"href":"https:\/\/www.werbefitnessband.com\/fr\/wp-json\/wp\/v2\/users\/2"}],"replies":[{"embeddable":true,"href":"https:\/\/www.werbefitnessband.com\/fr\/wp-json\/wp\/v2\/comments?post=484"}],"version-history":[{"count":2,"href":"https:\/\/www.werbefitnessband.com\/fr\/wp-json\/wp\/v2\/pages\/484\/revisions"}],"predecessor-version":[{"id":486,"href":"https:\/\/www.werbefitnessband.com\/fr\/wp-json\/wp\/v2\/pages\/484\/revisions\/486"}],"wp:attachment":[{"href":"https:\/\/www.werbefitnessband.com\/fr\/wp-json\/wp\/v2\/media?parent=484"}],"curies":[{"name":"wp","href":"https:\/\/api.w.org\/{rel}","templated":true}]}}