{"id":477,"date":"2024-10-16T11:52:27","date_gmt":"2024-10-16T11:52:27","guid":{"rendered":"https:\/\/www.werbefitnessband.com\/impressum\/"},"modified":"2025-08-19T17:01:14","modified_gmt":"2025-08-19T17:01:14","slug":"empreinte","status":"publish","type":"page","link":"https:\/\/www.werbefitnessband.com\/fr\/empreinte\/","title":{"rendered":"Empreinte"},"content":{"rendered":"\n<div class=\"wp-block-columns white is-layout-flex wp-container-core-columns-is-layout-9d6595d7 wp-block-columns-is-layout-flex\">\n<div class=\"wp-block-column is-layout-flow wp-block-column-is-layout-flow\" style=\"flex-basis:33.33%\"><\/div>\n\n\n\n<div class=\"wp-block-column is-layout-flow wp-block-column-is-layout-flow\" style=\"flex-basis:66.66%\">\n<h1 class=\"wp-block-heading\">Empreinte<\/h1>\n\n\n\n<h2 class=\"wp-block-heading\">Responsable du contenu de ce site web :<\/h2>\n\n\n\n<p><strong>FAIR SQUARED GmbH<\/strong><br>Hermann-Heinrich-Gossen-Stra\u00dfe 4<br>D-50858 Cologne<\/p>\n\n\n\n<h3 class=\"wp-block-heading\">Contact<\/h3>\n\n\n\n<p>E-mail : <a href=\"m&#97;&#x69;&#x6c;t&#111;&#58;&#x69;&#x6e;f&#111;&#x40;&#x66;a&#105;&#114;&#x73;&#x71;u&#97;&#x72;&#x65;d&#46;&#99;&#x6f;&#x6d;\">&#x69;&#110;f&#x6f;&#x40;&#102;a&#x69;&#x72;&#115;q&#x75;&#97;r&#x65;&#x64;&#46;c&#x6f;&#x6d;<\/a><br>T\u00e9l\u00e9phone : +49 (0) 2234 \u2013 9296600<br>FAX : +49 (0) 2234 \u2013 9296690<\/p>\n\n\n\n<h3 class=\"wp-block-heading\">G\u00e9rants habilit\u00e9s \u00e0 repr\u00e9senter la soci\u00e9t\u00e9<\/h3>\n\n\n\n<p>Oliver Gothe<br>Stephan Stavridis<\/p>\n\n\n\n<h3 class=\"wp-block-heading\">Registre du commerce<\/h3>\n\n\n\n<p>HRB 66006, Tribunal d\u2019instance de Cologne<\/p>\n\n\n\n<h3 class=\"wp-block-heading\">Num\u00e9ro d\u2019identification TVA (conform\u00e9ment \u00e0 l\u2019article 27a de la loi allemande sur la TVA)<\/h3>\n\n\n\n<p>DE 815077727<\/p>\n\n\n\n<h2 class=\"wp-block-heading\">Droits d\u2019auteur<\/h2>\n\n\n\n<p>Tous les textes, photos et \u00e9l\u00e9ments graphiques utilis\u00e9s sur ce site web sont prot\u00e9g\u00e9s par le droit d\u2019auteur. La reproduction, la modification, la diffusion et toute forme d\u2019exploitation en dehors des limites du droit d\u2019auteur n\u00e9cessitent l\u2019accord \u00e9crit de l\u2019auteur ou du cr\u00e9ateur concern\u00e9. Les t\u00e9l\u00e9chargements et copies de ce site allant au-del\u00e0 d\u2019un usage priv\u00e9 n\u00e9cessitent l\u2019accord expr\u00e8s pr\u00e9alable de FAIR SQUARED.<\/p>\n\n\n\n<h2 class=\"wp-block-heading\">R\u00e8glement alternatif des litiges en mati\u00e8re de consommation conform\u00e9ment \u00e0 l\u2019article 14, paragraphe 1 du R\u00e8glement ODR, \u00a7 36 VSBG<\/h2>\n\n\n\n<p>Nous ne sommes ni dispos\u00e9s ni tenus de participer \u00e0 une proc\u00e9dure de r\u00e8glement des litiges devant un organisme de m\u00e9diation pour consommateurs.<\/p>\n\n\n\n<h2 class=\"wp-block-heading\">Marques<\/h2>\n\n\n\n<p>FAIR SQUARED signale que les contenus du site web contiennent des d\u00e9signations prot\u00e9g\u00e9es par le droit des marques, qu\u2019elles soient d\u2019entreprise, de produit ou autres. Toute utilisation de ces d\u00e9signations n\u00e9cessite l\u2019accord expr\u00e8s pr\u00e9alable de FAIR SQUARED et\/ou du titulaire des droits concern\u00e9s.<\/p>\n\n\n\n<h2 class=\"wp-block-heading\">Personne de contact pour les questions juridiques<\/h2>\n\n\n\n<p>Pour toute question juridique concernant notre site Internet, veuillez vous adresser \u00e0 :<\/p>\n\n\n\n<p><strong>FAIR SQUARED GmbH<\/strong><br>D\u00e9partement juridique<br>Hermann-Heinrich-Gossen-Stra\u00dfe 4<br>D-50858 Cologne<br>E-mail : <a href=\"m&#97;&#x69;&#x6c;t&#111;&#58;&#x69;&#x6e;f&#111;&#64;&#x66;&#x61;i&#114;&#x73;&#x71;&#x75;a&#114;&#x65;&#x64;&#46;&#99;&#111;&#x6d;\">info&#64;&#102;&#97;&#105;&#114;&#115;&#113;&#x75;&#x61;&#x72;&#x65;&#x64;&#x2e;&#x63;&#x6f;&#x6d;<\/a><\/p>\n<\/div>\n<\/div>\n","protected":false},"excerpt":{"rendered":"<p>Empreinte Responsable du contenu de ce site web : FAIR SQUARED GmbHHermann-Heinrich-Gossen-Stra\u00dfe 4D-50858 Cologne Contact E-mail : &#105;&#x6e;f&#111;&#x40;f&#97;&#x69;r&#115;&#x71;u&#97;&#x72;e&#100;&#x2e;c&#111;&#x6d;T\u00e9l\u00e9phone : +49 (0) 2234 \u2013 9296600FAX : +49 (0) 2234 \u2013 9296690 G\u00e9rants habilit\u00e9s \u00e0 repr\u00e9senter la soci\u00e9t\u00e9 Oliver GotheStephan Stavridis Registre du commerce HRB 66006, Tribunal d\u2019instance de Cologne [&hellip;]<\/p>\n","protected":false},"author":2,"featured_media":0,"parent":0,"menu_order":10,"comment_status":"closed","ping_status":"closed","template":"","meta":{"_acf_changed":false,"footnotes":""},"class_list":["post-477","page","type-page","status-publish","hentry"],"acf":[],"_links":{"self":[{"href":"https:\/\/www.werbefitnessband.com\/fr\/wp-json\/wp\/v2\/pages\/477","targetHints":{"allow":["GET"]}}],"collection":[{"href":"https:\/\/www.werbefitnessband.com\/fr\/wp-json\/wp\/v2\/pages"}],"about":[{"href":"https:\/\/www.werbefitnessband.com\/fr\/wp-json\/wp\/v2\/types\/page"}],"author":[{"embeddable":true,"href":"https:\/\/www.werbefitnessband.com\/fr\/wp-json\/wp\/v2\/users\/2"}],"replies":[{"embeddable":true,"href":"https:\/\/www.werbefitnessband.com\/fr\/wp-json\/wp\/v2\/comments?post=477"}],"version-history":[{"count":4,"href":"https:\/\/www.werbefitnessband.com\/fr\/wp-json\/wp\/v2\/pages\/477\/revisions"}],"predecessor-version":[{"id":548,"href":"https:\/\/www.werbefitnessband.com\/fr\/wp-json\/wp\/v2\/pages\/477\/revisions\/548"}],"wp:attachment":[{"href":"https:\/\/www.werbefitnessband.com\/fr\/wp-json\/wp\/v2\/media?parent=477"}],"curies":[{"name":"wp","href":"https:\/\/api.w.org\/{rel}","templated":true}]}}