{"id":464,"date":"2024-10-16T11:23:39","date_gmt":"2024-10-16T11:23:39","guid":{"rendered":"https:\/\/www.werbefitnessband.com\/start\/"},"modified":"2026-02-07T17:28:17","modified_gmt":"2026-02-07T17:28:17","slug":"start","status":"publish","type":"page","link":"https:\/\/www.werbefitnessband.com\/fr\/","title":{"rendered":"Start"},"content":{"rendered":"\n<figure class=\"wp-block-image size-full\"><img loading=\"lazy\" decoding=\"async\" width=\"2500\" height=\"1372\" src=\"https:\/\/www.werbefitnessband.com\/wp-content\/uploads\/2024\/10\/werbefitnessband-1.jpg\" alt=\"Femme faisant de l'exercice devant une vitrine avec un bracelet de fitness promotionnel. Texte\u00a0: Toujours \u00e9thique, toujours durable, de la plante au produit. Logos\u00a0: Fair Rubber, Vegan\" class=\"wp-image-387\" srcset=\"https:\/\/www.werbefitnessband.com\/wp-content\/uploads\/2024\/10\/werbefitnessband-1.jpg 2500w, https:\/\/www.werbefitnessband.com\/wp-content\/uploads\/2024\/10\/werbefitnessband-1-768x421.jpg 768w, https:\/\/www.werbefitnessband.com\/wp-content\/uploads\/2024\/10\/werbefitnessband-1-1536x843.jpg 1536w, https:\/\/www.werbefitnessband.com\/wp-content\/uploads\/2024\/10\/werbefitnessband-1-2048x1124.jpg 2048w\" sizes=\"auto, (max-width: 2500px) 100vw, 2500px\" \/><\/figure>\n\n\n\n<h1 class=\"wp-block-heading has-text-align-center\">Bandes de fitness comme article publicitaire<\/h1>\n\n\n\n<h2 class=\"wp-block-heading has-text-align-center\">Se remettre rapidement en mouvement<\/h2>\n\n\n\n<p class=\"has-text-align-center has-medium-font-size\"><strong>avec impression du logo et emballage individuel<\/strong><\/p>\n\n\n\n<div style=\"height:30px\" aria-hidden=\"true\" class=\"wp-block-spacer\"><\/div>\n\n\n\n<div class=\"wp-block-columns white is-layout-flex wp-container-core-columns-is-layout-9d6595d7 wp-block-columns-is-layout-flex\">\n<div class=\"wp-block-column is-layout-flow wp-block-column-is-layout-flow\">\n<figure class=\"wp-block-image size-full\"><img loading=\"lazy\" decoding=\"async\" width=\"800\" height=\"1202\" src=\"https:\/\/www.werbefitnessband.com\/wp-content\/uploads\/2024\/10\/werbefitnessband-2.jpg\" alt=\"Une femme s'entra\u00eene avec un bracelet de fitness promotionnel vert\" class=\"wp-image-390\" srcset=\"https:\/\/www.werbefitnessband.com\/wp-content\/uploads\/2024\/10\/werbefitnessband-2.jpg 800w, https:\/\/www.werbefitnessband.com\/wp-content\/uploads\/2024\/10\/werbefitnessband-2-511x768.jpg 511w, https:\/\/www.werbefitnessband.com\/wp-content\/uploads\/2024\/10\/werbefitnessband-2-768x1154.jpg 768w\" sizes=\"auto, (max-width: 800px) 100vw, 800px\" \/><\/figure>\n<\/div>\n\n\n\n<div class=\"wp-block-column is-layout-flow wp-block-column-is-layout-flow\">\n<h2 class=\"wp-block-heading\">Les bandes de fitness sont recommand\u00e9es par les physioth\u00e9rapeutes* et les caisses d&rsquo;assurance maladie<\/h2>\n\n\n\n<p class=\"has-white-color has-text-color has-background has-link-color wp-elements-db86e2830342801c05306849ffa3eb17\" style=\"background-color:#669e2e\"><strong>EN FIBRES DE BOIS <\/strong><strong>CAOUTCHOUC NATUREL <\/strong><br><strong>DISPONIBLE EN 7 \u00c9PAISSEURS ET 2 LONGUEURS<\/strong><\/p>\n\n\n\n<ul class=\"wp-block-list\">\n<li><strong>Appareil d&rsquo;entra\u00eenement id\u00e9al<\/strong>, entre autres pour la promotion de la sant\u00e9 en entreprise, utilisable de multiples fa\u00e7ons<\/li>\n\n\n\n<li>Convient <strong>pour le Pilates, la gymnastique et le crossfit<\/strong><\/li>\n\n\n\n<li><strong>Valeur d&rsquo;usage \u00e9lev\u00e9e<\/strong>, attire l&rsquo;attention, support publicitaire durable<\/li>\n\n\n\n<li><strong>Imprimable avec votre logo \u00e0 partir de 500 pi\u00e8ces<\/strong>, diff\u00e9rentes options d&#8217;emballage, \u00e9galement sans plastique<\/li>\n\n\n\n<li><strong>Sur demande, brochure de fitness jointe<\/strong> avec des exercices d&rsquo;entra\u00eenement illustr\u00e9s.<\/li>\n<\/ul>\n\n\n\n<p>Nos bandes de fitness sont exemptes de plastifiants et autres substances nocives (p. ex. phtalates canc\u00e9rig\u00e8nes), v\u00e9g\u00e9taliennes et sans plastique. Les bandes sont polyvalentes, r\u00e9sistantes et m\u00e9nagent les articulations.<\/p>\n<\/div>\n<\/div>\n\n\n\n<div style=\"height:40px\" aria-hidden=\"true\" class=\"wp-block-spacer\"><\/div>\n\n\n\n<div class=\"wp-block-columns white is-layout-flex wp-container-core-columns-is-layout-9d6595d7 wp-block-columns-is-layout-flex\">\n<div class=\"wp-block-column is-layout-flow wp-block-column-is-layout-flow\">\n<h2 class=\"wp-block-heading\">Bande de fitness en 2 longueurs : <br>200 x 12 cm ou 150 x 12 cm.<\/h2>\n\n\n\n<div style=\"height:60px\" aria-hidden=\"true\" class=\"wp-block-spacer\"><\/div>\n\n\n\n<div class=\"wp-block-group has-white-color has-text-color has-background has-link-color wp-elements-9f8535c213c61609598a0375653af426\" style=\"background-color:#669e2e\"><div class=\"wp-block-group__inner-container is-layout-constrained wp-block-group-is-layout-constrained\">\n<div style=\"height:20px\" aria-hidden=\"true\" class=\"wp-block-spacer\"><\/div>\n\n\n\n<h3 class=\"wp-block-heading\"><strong>Un exemple de co\u00fbt :<\/strong><\/h3>\n\n\n\n<ul class=\"wp-block-list has-white-color has-text-color has-link-color wp-elements-0ef6e0123d9af794d2638e2024d8b3bc\">\n<li><strong>Bandes d&rsquo;\u00e9paisseur moyenne, Medium (vert)<\/strong><\/li>\n\n\n\n<li><strong>200 x 12 cm<\/strong><\/li>\n\n\n\n<li><strong>1.000 pi\u00e8ces<\/strong><\/li>\n\n\n\n<li><strong>Imprim\u00e9 en une seule couleur<\/strong><\/li>\n\n\n\n<li><strong>En flatpack<\/strong><\/li>\n<\/ul>\n\n\n\n<p class=\"has-medium-font-size\"><strong>= Total net \u20ac 3,90 \/ pi\u00e8ce (+ TVA l\u00e9gale)<\/strong><\/p>\n\n\n\n<div style=\"height:1px\" aria-hidden=\"true\" class=\"wp-block-spacer\"><\/div>\n<\/div><\/div>\n<\/div>\n\n\n\n<div class=\"wp-block-column is-layout-flow wp-block-column-is-layout-flow\">\n<h3 class=\"wp-block-heading\">Disponible en 7 \u00e9paisseurs<\/h3>\n\n\n\n<div style=\"height:8px\" aria-hidden=\"true\" class=\"wp-block-spacer\"><\/div>\n\n\n<div class=\"wp-block-image float-mobile\">\n<figure class=\"alignleft size-full is-resized\"><img loading=\"lazy\" decoding=\"async\" width=\"400\" height=\"400\" src=\"https:\/\/www.werbefitnessband.com\/wp-content\/uploads\/2024\/10\/square-yellow.jpg\" alt=\"Gelb\" class=\"wp-image-207\" style=\"width:48px\" srcset=\"https:\/\/www.werbefitnessband.com\/wp-content\/uploads\/2024\/10\/square-yellow.jpg 400w, https:\/\/www.werbefitnessband.com\/wp-content\/uploads\/2024\/10\/square-yellow-150x150.jpg 150w\" sizes=\"auto, (max-width: 400px) 100vw, 400px\" \/><\/figure>\n<\/div>\n\n\n<p><strong>LIGHT (JAUNE)<\/strong><br>\u00e9paisseur 0,15mm, 1,7 KG*<\/p>\n\n\n\n<div style=\"height:2px\" aria-hidden=\"true\" class=\"wp-block-spacer\"><\/div>\n\n\n<div class=\"wp-block-image float-mobile\">\n<figure class=\"alignleft size-full is-resized\"><img loading=\"lazy\" decoding=\"async\" width=\"400\" height=\"400\" src=\"https:\/\/www.werbefitnessband.com\/wp-content\/uploads\/2024\/10\/square-red.jpg\" alt=\"Rot\" class=\"wp-image-203\" style=\"width:48px\" srcset=\"https:\/\/www.werbefitnessband.com\/wp-content\/uploads\/2024\/10\/square-red.jpg 400w, https:\/\/www.werbefitnessband.com\/wp-content\/uploads\/2024\/10\/square-red-150x150.jpg 150w\" sizes=\"auto, (max-width: 400px) 100vw, 400px\" \/><\/figure>\n<\/div>\n\n\n<p><strong>LIGHT + (ROUGE)<\/strong><br>\u00e9paisseur 0.20mm, 2.3 KG*<\/p>\n\n\n\n<div style=\"height:2px\" aria-hidden=\"true\" class=\"wp-block-spacer\"><\/div>\n\n\n<div class=\"wp-block-image float-mobile\">\n<figure class=\"alignleft size-full is-resized\"><img loading=\"lazy\" decoding=\"async\" width=\"400\" height=\"400\" src=\"https:\/\/www.werbefitnessband.com\/wp-content\/uploads\/2024\/10\/square-green.jpg\" alt=\"Gr\u00fcn\" class=\"wp-image-199\" style=\"width:48px\" srcset=\"https:\/\/www.werbefitnessband.com\/wp-content\/uploads\/2024\/10\/square-green.jpg 400w, https:\/\/www.werbefitnessband.com\/wp-content\/uploads\/2024\/10\/square-green-150x150.jpg 150w\" sizes=\"auto, (max-width: 400px) 100vw, 400px\" \/><\/figure>\n<\/div>\n\n\n<p><strong>MEDIUM (VERT)<\/strong><br>\u00e9paisseur 0.25mm, 2.9 KG*<\/p>\n\n\n\n<div style=\"height:2px\" aria-hidden=\"true\" class=\"wp-block-spacer\"><\/div>\n\n\n<div class=\"wp-block-image float-mobile\">\n<figure class=\"alignleft size-full is-resized\"><img loading=\"lazy\" decoding=\"async\" width=\"400\" height=\"400\" src=\"https:\/\/www.werbefitnessband.com\/wp-content\/uploads\/2024\/10\/square-blue.jpg\" alt=\"Blau\" class=\"wp-image-197\" style=\"width:48px\" srcset=\"https:\/\/www.werbefitnessband.com\/wp-content\/uploads\/2024\/10\/square-blue.jpg 400w, https:\/\/www.werbefitnessband.com\/wp-content\/uploads\/2024\/10\/square-blue-150x150.jpg 150w\" sizes=\"auto, (max-width: 400px) 100vw, 400px\" \/><\/figure>\n<\/div>\n\n\n<p><strong>MEDIUM + (BLEU)<\/strong><br>\u00e9paisseur 0.30mm, 3.6 KG*<\/p>\n\n\n\n<div style=\"height:2px\" aria-hidden=\"true\" class=\"wp-block-spacer\"><\/div>\n\n\n<div class=\"wp-block-image float-mobile\">\n<figure class=\"alignleft size-full is-resized\"><img loading=\"lazy\" decoding=\"async\" width=\"400\" height=\"400\" src=\"https:\/\/www.werbefitnessband.com\/wp-content\/uploads\/2024\/10\/square-black.jpg\" alt=\"Schwarz\" class=\"wp-image-195\" style=\"width:48px\" srcset=\"https:\/\/www.werbefitnessband.com\/wp-content\/uploads\/2024\/10\/square-black.jpg 400w, https:\/\/www.werbefitnessband.com\/wp-content\/uploads\/2024\/10\/square-black-150x150.jpg 150w\" sizes=\"auto, (max-width: 400px) 100vw, 400px\" \/><\/figure>\n<\/div>\n\n\n<p><strong>STRONG (NOIR)<\/strong><br>\u00e9paisseur 0.35mm, 4.4 KG*<\/p>\n\n\n\n<div style=\"height:2px\" aria-hidden=\"true\" class=\"wp-block-spacer\"><\/div>\n\n\n<div class=\"wp-block-image float-mobile\">\n<figure class=\"alignleft size-full is-resized\"><img loading=\"lazy\" decoding=\"async\" width=\"400\" height=\"400\" src=\"https:\/\/www.werbefitnessband.com\/wp-content\/uploads\/2024\/10\/square-lila.jpg\" alt=\"Lila\" class=\"wp-image-201\" style=\"width:48px\" srcset=\"https:\/\/www.werbefitnessband.com\/wp-content\/uploads\/2024\/10\/square-lila.jpg 400w, https:\/\/www.werbefitnessband.com\/wp-content\/uploads\/2024\/10\/square-lila-150x150.jpg 150w\" sizes=\"auto, (max-width: 400px) 100vw, 400px\" \/><\/figure>\n<\/div>\n\n\n<p><strong>STRONG + (VIOLET)<\/strong><br>\u00e9paisseur 0.40mm, 5.2 KG*<\/p>\n\n\n\n<div style=\"height:2px\" aria-hidden=\"true\" class=\"wp-block-spacer\"><\/div>\n\n\n<div class=\"wp-block-image float-mobile\">\n<figure class=\"alignleft size-full is-resized\"><img loading=\"lazy\" decoding=\"async\" width=\"400\" height=\"400\" src=\"https:\/\/www.werbefitnessband.com\/wp-content\/uploads\/2024\/10\/square-silver.jpg\" alt=\"Silber\" class=\"wp-image-205\" style=\"width:48px\" srcset=\"https:\/\/www.werbefitnessband.com\/wp-content\/uploads\/2024\/10\/square-silver.jpg 400w, https:\/\/www.werbefitnessband.com\/wp-content\/uploads\/2024\/10\/square-silver-150x150.jpg 150w\" sizes=\"auto, (max-width: 400px) 100vw, 400px\" \/><\/figure>\n<\/div>\n\n\n<p><strong>STRONG ULTIMATE (ARGENT)<\/strong><br>\u00e9paisseur 0.45mm, 6.0 KG*<\/p>\n\n\n\n<div style=\"height:2px\" aria-hidden=\"true\" class=\"wp-block-spacer\"><\/div>\n\n\n\n<p class=\"has-small-font-size\">* R\u00e9sistance (kg) pour un \u00e9tirement de 200 %<\/p>\n<\/div>\n<\/div>\n\n\n\n<div style=\"height:30px\" aria-hidden=\"true\" class=\"wp-block-spacer\"><\/div>\n\n\n\n<h2 class=\"wp-block-heading has-text-align-center\">Motivez les gens \u00e0 faire plus d&rsquo;exercice avec une bande de fitness polyvalente \u00e0 petit prix.<\/h2>\n\n\n\n<div style=\"height:30px\" aria-hidden=\"true\" class=\"wp-block-spacer\"><\/div>\n\n\n\n<div class=\"wp-block-columns is-layout-flex wp-container-core-columns-is-layout-9d6595d7 wp-block-columns-is-layout-flex\">\n<div class=\"wp-block-column is-layout-flow wp-block-column-is-layout-flow\">\n<figure class=\"wp-block-image size-full\"><img loading=\"lazy\" decoding=\"async\" width=\"800\" height=\"800\" src=\"https:\/\/www.werbefitnessband.com\/wp-content\/uploads\/2024\/10\/werbefitnessband-6.jpg\" alt=\"Bracelet de fitness promotionnel : logo propre\" class=\"wp-image-402\" srcset=\"https:\/\/www.werbefitnessband.com\/wp-content\/uploads\/2024\/10\/werbefitnessband-6.jpg 800w, https:\/\/www.werbefitnessband.com\/wp-content\/uploads\/2024\/10\/werbefitnessband-6-768x768.jpg 768w, https:\/\/www.werbefitnessband.com\/wp-content\/uploads\/2024\/10\/werbefitnessband-6-150x150.jpg 150w\" sizes=\"auto, (max-width: 800px) 100vw, 800px\" \/><\/figure>\n\n\n\n<div style=\"height:16px\" aria-hidden=\"true\" class=\"wp-block-spacer\"><\/div>\n\n\n\n<h3 class=\"wp-block-heading\">Votre logo<\/h3>\n\n\n\n<p>Le logo \u00e0 placer librement peut \u00eatre imprim\u00e9 en noir ou en blanc. L&rsquo;impression est tr\u00e8s extensible et dure longtemps.<\/p>\n<\/div>\n\n\n\n<div class=\"wp-block-column is-layout-flow wp-block-column-is-layout-flow\">\n<figure class=\"wp-block-image size-full\"><img loading=\"lazy\" decoding=\"async\" width=\"800\" height=\"800\" src=\"https:\/\/www.werbefitnessband.com\/wp-content\/uploads\/2024\/10\/werbefitnessband-4.jpg\" alt=\"Emballage personnalis\u00e9 du bracelet de fitness\" class=\"wp-image-396\" srcset=\"https:\/\/www.werbefitnessband.com\/wp-content\/uploads\/2024\/10\/werbefitnessband-4.jpg 800w, https:\/\/www.werbefitnessband.com\/wp-content\/uploads\/2024\/10\/werbefitnessband-4-768x768.jpg 768w, https:\/\/www.werbefitnessband.com\/wp-content\/uploads\/2024\/10\/werbefitnessband-4-150x150.jpg 150w\" sizes=\"auto, (max-width: 800px) 100vw, 800px\" \/><\/figure>\n\n\n\n<div style=\"height:16px\" aria-hidden=\"true\" class=\"wp-block-spacer\"><\/div>\n\n\n\n<h3 class=\"wp-block-heading\">Votre emballage<\/h3>\n\n\n\n<p>Suffisamment d&rsquo;espace pour votre marquage publicitaire et\/ou votre logo. Nous pouvons fabriquer l&#8217;emballage \u00e0 languette pour vous \u00e0 partir de 500 pi\u00e8ces. Graphisme r\u00e9alis\u00e9 par nos soins ou par votre service graphique \u00e0 l&rsquo;aide d&rsquo;un mod\u00e8le existant.<\/p>\n<\/div>\n\n\n\n<div class=\"wp-block-column is-layout-flow wp-block-column-is-layout-flow\">\n<figure class=\"wp-block-image size-full\"><img loading=\"lazy\" decoding=\"async\" width=\"800\" height=\"800\" src=\"https:\/\/www.werbefitnessband.com\/wp-content\/uploads\/2024\/10\/werbefitnessband-5.jpg\" alt=\"Brochure Fitness : Entra\u00eenement avec le bracelet fitness\" class=\"wp-image-399\" srcset=\"https:\/\/www.werbefitnessband.com\/wp-content\/uploads\/2024\/10\/werbefitnessband-5.jpg 800w, https:\/\/www.werbefitnessband.com\/wp-content\/uploads\/2024\/10\/werbefitnessband-5-768x768.jpg 768w, https:\/\/www.werbefitnessband.com\/wp-content\/uploads\/2024\/10\/werbefitnessband-5-150x150.jpg 150w\" sizes=\"auto, (max-width: 800px) 100vw, 800px\" \/><\/figure>\n\n\n\n<div style=\"height:16px\" aria-hidden=\"true\" class=\"wp-block-spacer\"><\/div>\n\n\n\n<h3 class=\"wp-block-heading\">Votre brochure de fitness<\/h3>\n\n\n\n<p>Au format DIN A6, il y a de la place sur 24 pages pour 17 exercices de fitness et des textes explicatifs. Les pages de couverture peuvent \u00eatre personnalis\u00e9es, soit par nos soins, soit par vos soins avec un mod\u00e8le existant.<\/p>\n<\/div>\n<\/div>\n\n\n\n<div style=\"height:30px\" aria-hidden=\"true\" class=\"wp-block-spacer\"><\/div>\n\n\n\n<p>La pr\u00e9vention de la sant\u00e9 en entreprise et la r\u00e9\u00e9ducation physique occupent une place de plus en plus importante dans les entreprises et les \u00e9tablissements de soins de sant\u00e9. L&rsquo;augmentation du niveau de forme physique est d&rsquo;une grande utilit\u00e9, notamment pour la soci\u00e9t\u00e9. De nombreuses entreprises encouragent leurs employ\u00e9s \u00e0 rester en forme, et les assurances maladie et accidents s&rsquo;int\u00e9ressent aux mesures de r\u00e9\u00e9ducation efficaces associ\u00e9es \u00e0 des produits de sant\u00e9 peu co\u00fbteux.<\/p>\n\n\n\n<h3 class=\"wp-block-heading\">Nous avons consid\u00e9rablement \u00e9largi notre offre et l&rsquo;avons rendue plus flexible (d\u00e9lais de livraison plus courts), afin de vous proposer une offre compl\u00e8te :<\/h3>\n\n\n\n<p>M\u00eame en petites quantit\u00e9s, nous pouvons fabriquer <strong>des bandes de fitness<\/strong>, les imprimer et les emballer dans un emballage d\u00e9chirable personnalisable. Et pour compl\u00e9ter l&rsquo;offre et permettre une utilisation intensive de l&rsquo;appareil de fitness, une brochure contenant 17 instructions d&rsquo;exercices peut \u00eatre jointe. Le titre peut \u00eatre personnalis\u00e9 avec votre logo ou vous pouvez le concevoir selon vos propres souhaits. En cas de besoin, cela peut \u00eatre produit tr\u00e8s rapidement gr\u00e2ce \u00e0 notre <strong>possibilit\u00e9 de livraison express<\/strong> (4 semaines &#8211; en fonction du tirage).<\/p>\n\n\n\n<p>Votre entreprise est alors l&rsquo;exp\u00e9diteur reconnaissable d&rsquo;un appareil de fitness qui promeut de mani\u00e8re id\u00e9ale les efforts d&rsquo;am\u00e9lioration de la condition physique, \u00e9galement dans l&rsquo;int\u00e9r\u00eat de l&rsquo;entreprise. <\/p>\n\n\n\n<p><strong>Nous pouvons volontiers vous faire une offre sur mesure pour ce produit.<\/strong><\/p>\n\n\n\n<div style=\"height:30px\" aria-hidden=\"true\" class=\"wp-block-spacer\"><\/div>\n\n\n\n<figure class=\"wp-block-image size-full\"><img loading=\"lazy\" decoding=\"async\" width=\"2500\" height=\"1372\" src=\"https:\/\/www.werbefitnessband.com\/wp-content\/uploads\/2024\/10\/werbefitnessband-3.jpg\" alt=\"Femme faisant de l'exercice devant une vitrine avec un bracelet de fitness publicitaire. Texte\u00a0: Toujours \u00e9thique, toujours durable, de la plante au produit.\" class=\"wp-image-393\" srcset=\"https:\/\/www.werbefitnessband.com\/wp-content\/uploads\/2024\/10\/werbefitnessband-3.jpg 2500w, https:\/\/www.werbefitnessband.com\/wp-content\/uploads\/2024\/10\/werbefitnessband-3-768x421.jpg 768w, https:\/\/www.werbefitnessband.com\/wp-content\/uploads\/2024\/10\/werbefitnessband-3-1536x843.jpg 1536w, https:\/\/www.werbefitnessband.com\/wp-content\/uploads\/2024\/10\/werbefitnessband-3-2048x1124.jpg 2048w\" sizes=\"auto, (max-width: 2500px) 100vw, 2500px\" \/><\/figure>\n","protected":false},"excerpt":{"rendered":"<p>Bandes de fitness comme article publicitaire Se remettre rapidement en mouvement avec impression du logo et emballage individuel Les bandes de fitness sont recommand\u00e9es par les physioth\u00e9rapeutes* et les caisses d&rsquo;assurance maladie EN FIBRES DE BOIS CAOUTCHOUC NATUREL DISPONIBLE EN 7 \u00c9PAISSEURS ET 2 LONGUEURS Nos bandes de [&hellip;]<\/p>\n","protected":false},"author":2,"featured_media":0,"parent":0,"menu_order":1,"comment_status":"closed","ping_status":"closed","template":"","meta":{"_acf_changed":false,"footnotes":""},"class_list":["post-464","page","type-page","status-publish","hentry"],"acf":[],"_links":{"self":[{"href":"https:\/\/www.werbefitnessband.com\/fr\/wp-json\/wp\/v2\/pages\/464","targetHints":{"allow":["GET"]}}],"collection":[{"href":"https:\/\/www.werbefitnessband.com\/fr\/wp-json\/wp\/v2\/pages"}],"about":[{"href":"https:\/\/www.werbefitnessband.com\/fr\/wp-json\/wp\/v2\/types\/page"}],"author":[{"embeddable":true,"href":"https:\/\/www.werbefitnessband.com\/fr\/wp-json\/wp\/v2\/users\/2"}],"replies":[{"embeddable":true,"href":"https:\/\/www.werbefitnessband.com\/fr\/wp-json\/wp\/v2\/comments?post=464"}],"version-history":[{"count":6,"href":"https:\/\/www.werbefitnessband.com\/fr\/wp-json\/wp\/v2\/pages\/464\/revisions"}],"predecessor-version":[{"id":580,"href":"https:\/\/www.werbefitnessband.com\/fr\/wp-json\/wp\/v2\/pages\/464\/revisions\/580"}],"wp:attachment":[{"href":"https:\/\/www.werbefitnessband.com\/fr\/wp-json\/wp\/v2\/media?parent=464"}],"curies":[{"name":"wp","href":"https:\/\/api.w.org\/{rel}","templated":true}]}}