{"id":93,"date":"2024-10-16T11:52:27","date_gmt":"2024-10-16T11:52:27","guid":{"rendered":"https:\/\/www.werbefitnessband.com\/?page_id=93"},"modified":"2025-08-19T17:00:14","modified_gmt":"2025-08-19T17:00:14","slug":"impressum","status":"publish","type":"page","link":"https:\/\/www.werbefitnessband.com\/de\/impressum\/","title":{"rendered":"Impressum"},"content":{"rendered":"\n<div class=\"wp-block-columns white is-layout-flex wp-container-core-columns-is-layout-9d6595d7 wp-block-columns-is-layout-flex\">\n<div class=\"wp-block-column is-layout-flow wp-block-column-is-layout-flow\" style=\"flex-basis:33.33%\"><\/div>\n\n\n\n<div class=\"wp-block-column is-layout-flow wp-block-column-is-layout-flow\" style=\"flex-basis:66.66%\">\n<h1 class=\"wp-block-heading\">Impressum<\/h1>\n\n\n\n<h2 class=\"wp-block-heading\">Verantwortlich f\u00fcr den Inhalt dieser Webseite:<\/h2>\n\n\n\n<p><strong>FAIR SQUARED GmbH<\/strong> <br>Hermann-Heinrich-Gossen-Stra\u00dfe 4<br>D-50858 K\u00f6ln<\/p>\n\n\n\n<h3 class=\"wp-block-heading\">Kontakt<\/h3>\n\n\n\n<p>E-Mail: <a href=\"ma&#105;&#108;&#x74;&#x6f;&#x3a;&#x69;nf&#111;&#64;&#x66;&#x61;&#x69;&#x72;sq&#117;&#97;&#114;&#x65;&#x64;&#x2e;&#x63;om\">&#105;n&#x66;o&#x40;f&#x61;&#105;&#x72;&#115;&#x71;&#117;a&#x72;e&#x64;&#46;&#x63;&#111;&#x6d;<\/a><br>Telefon:&nbsp;+49 (0) 2234 \u2013 9296600<br>FAX: +49 (0) 2234 \u2013 9296690<\/p>\n\n\n\n<h3 class=\"wp-block-heading\">Vertretungsberechtigte Gesch\u00e4ftsf\u00fchrer<\/h3>\n\n\n\n<p>Oliver Gothe<br>Stephan Stavridis<\/p>\n\n\n\n<h3 class=\"wp-block-heading\">Handelsregister<\/h3>\n\n\n\n<p>HRB 66006, Amtsgericht K\u00f6ln<\/p>\n\n\n\n<h3 class=\"wp-block-heading\">Umsatzsteuer-ID Nummer (gem. \u00a7 27a UStG)<\/h3>\n\n\n\n<p>DE 815077727<\/p>\n\n\n\n<h2 class=\"wp-block-heading\">Urheberrechte<\/h2>\n\n\n\n<p>Alle auf dieser Website verwendeten Texte, Fotos und grafischen Gestaltungen sind urheberrechtlich gesch\u00fctzt. Die Vervielf\u00e4ltigung, Bearbeitung, Verbreitung und jede Art der Verwertung au\u00dferhalb der Grenzen des Urheberrechtes bed\u00fcrfen der schriftlichen Zustimmung des jeweiligen Autors bzw. Erstellers. Downloads und Kopien dieser Seite, die \u00fcber den privaten Gebrauch hinausgehen, bed\u00fcrfen der ausdr\u00fccklichen vorherigen Zustimmung der FAIRSQUARED.<\/p>\n\n\n\n<h2 class=\"wp-block-heading\">Alternative Streitbeilegung in Verbrauchersachen gem. Art. 14 Abs. 1 ODR-VO, \u00a7 36 VSBG<\/h2>\n\n\n\n<p>Wir sind nicht bereit oder verpflichtet, an einem Streitbeilegungsverfahren vor einer Verbraucherschlichtungsstelle teilzunehmen.<\/p>\n\n\n\n<h2 class=\"wp-block-heading\">Markenzeichen<\/h2>\n\n\n\n<p>FAIR SQUARED weist darauf hin, dass die Inhalte der Website markenrechtlich gesch\u00fctzte Unternehmens-, Produkt- und sonstige Kennzeichen enthalten. Jede Nutzung solcher Kennzeichen bed\u00fcrfen der ausdr\u00fccklichen vorherigen Zustimmung der Fair Squared und \/ oder des jeweiligen Kennzeicheninhabers.<\/p>\n\n\n\n<h2 class=\"wp-block-heading\">Ansprechpartner f\u00fcr Rechtsfragen<\/h2>\n\n\n\n<p>F\u00fcr rechtliche Fragen zu unserem Internetauftritt wenden Sie sich bitte an: <br><br><strong>FAIR SQUARED GmbH <\/strong><br>Rechtsabteilung <br>Hermann-Heinrich-Gossen-Stra\u00dfe 4<br>D-50858 K\u00f6ln<br>E-Mail: <a href=\"&#109;&#x61;&#105;&#x6c;&#116;&#x6f;:&#x69;n&#x66;o&#64;&#x66;&#97;&#x69;&#114;&#x73;&#113;&#x75;a&#x72;e&#x64;&#46;&#99;&#x6f;&#109;\">i&#110;&#102;&#111;&#x40;&#x66;&#x61;ir&#115;&#113;&#x75;&#x61;&#x72;&#x65;d&#46;&#99;&#111;&#x6d;<\/a><\/p>\n<\/div>\n<\/div>\n","protected":false},"excerpt":{"rendered":"<p>Impressum Verantwortlich f\u00fcr den Inhalt dieser Webseite: FAIR SQUARED GmbH Hermann-Heinrich-Gossen-Stra\u00dfe 4D-50858 K\u00f6ln Kontakt E-Mail: &#105;&#110;&#x66;o&#64;&#x66;&#x61;i&#114;&#x73;&#x71;u&#97;&#x72;e&#100;&#x2e;&#x63;o&#109;Telefon:&nbsp;+49 (0) 2234 \u2013 9296600FAX: +49 (0) 2234 \u2013 9296690 Vertretungsberechtigte Gesch\u00e4ftsf\u00fchrer Oliver GotheStephan Stavridis Handelsregister HRB 66006, Amtsgericht K\u00f6ln Umsatzsteuer-ID Nummer (gem. \u00a7 27a UStG) DE 815077727 Urheberrechte Alle auf dieser Website [&hellip;]<\/p>\n","protected":false},"author":2,"featured_media":0,"parent":0,"menu_order":10,"comment_status":"closed","ping_status":"closed","template":"","meta":{"_acf_changed":false,"footnotes":""},"class_list":["post-93","page","type-page","status-publish","hentry"],"acf":[],"_links":{"self":[{"href":"https:\/\/www.werbefitnessband.com\/de\/wp-json\/wp\/v2\/pages\/93","targetHints":{"allow":["GET"]}}],"collection":[{"href":"https:\/\/www.werbefitnessband.com\/de\/wp-json\/wp\/v2\/pages"}],"about":[{"href":"https:\/\/www.werbefitnessband.com\/de\/wp-json\/wp\/v2\/types\/page"}],"author":[{"embeddable":true,"href":"https:\/\/www.werbefitnessband.com\/de\/wp-json\/wp\/v2\/users\/2"}],"replies":[{"embeddable":true,"href":"https:\/\/www.werbefitnessband.com\/de\/wp-json\/wp\/v2\/comments?post=93"}],"version-history":[{"count":6,"href":"https:\/\/www.werbefitnessband.com\/de\/wp-json\/wp\/v2\/pages\/93\/revisions"}],"predecessor-version":[{"id":546,"href":"https:\/\/www.werbefitnessband.com\/de\/wp-json\/wp\/v2\/pages\/93\/revisions\/546"}],"wp:attachment":[{"href":"https:\/\/www.werbefitnessband.com\/de\/wp-json\/wp\/v2\/media?parent=93"}],"curies":[{"name":"wp","href":"https:\/\/api.w.org\/{rel}","templated":true}]}}