{"id":13,"date":"2024-10-16T11:23:39","date_gmt":"2024-10-16T11:23:39","guid":{"rendered":"https:\/\/www.werbefitnessband.com\/?page_id=13"},"modified":"2026-02-07T17:46:59","modified_gmt":"2026-02-07T17:46:59","slug":"start","status":"publish","type":"page","link":"https:\/\/www.werbefitnessband.com\/de\/","title":{"rendered":"Start"},"content":{"rendered":"\n<figure class=\"wp-block-image size-full\"><img loading=\"lazy\" decoding=\"async\" width=\"2500\" height=\"1372\" src=\"https:\/\/www.werbefitnessband.com\/wp-content\/uploads\/2024\/10\/werbefitnessband-1.jpg\" alt=\"Frau trainiert vor Fenster mit Werbefitnessband. Schriftzug: always ethical, always sustainable from plant to product. Logos: Fair Rubber, Vegan\" class=\"wp-image-113\" srcset=\"https:\/\/www.werbefitnessband.com\/wp-content\/uploads\/2024\/10\/werbefitnessband-1.jpg 2500w, https:\/\/www.werbefitnessband.com\/wp-content\/uploads\/2024\/10\/werbefitnessband-1-768x421.jpg 768w, https:\/\/www.werbefitnessband.com\/wp-content\/uploads\/2024\/10\/werbefitnessband-1-1536x843.jpg 1536w, https:\/\/www.werbefitnessband.com\/wp-content\/uploads\/2024\/10\/werbefitnessband-1-2048x1124.jpg 2048w\" sizes=\"auto, (max-width: 2500px) 100vw, 2500px\" \/><\/figure>\n\n\n\n<h1 class=\"wp-block-heading has-text-align-center\">Fitnessb\u00e4nder als Werbeartikel<\/h1>\n\n\n\n<h2 class=\"wp-block-heading has-text-align-center\">Schnell wieder in Bewegung kommen<\/h2>\n\n\n\n<p class=\"has-text-align-center has-medium-font-size\"><strong>mit eigenem Logo-Aufdruck und individueller Verpackung<\/strong><\/p>\n\n\n\n<div style=\"height:30px\" aria-hidden=\"true\" class=\"wp-block-spacer\"><\/div>\n\n\n\n<div class=\"wp-block-columns white is-layout-flex wp-container-core-columns-is-layout-9d6595d7 wp-block-columns-is-layout-flex\">\n<div class=\"wp-block-column is-layout-flow wp-block-column-is-layout-flow\">\n<figure class=\"wp-block-image size-full\"><img loading=\"lazy\" decoding=\"async\" width=\"800\" height=\"1202\" src=\"https:\/\/www.werbefitnessband.com\/wp-content\/uploads\/2024\/10\/werbefitnessband-2.jpg\" alt=\"Frau trainiert mit gr\u00fcnem Werbefitnessband\" class=\"wp-image-115\" srcset=\"https:\/\/www.werbefitnessband.com\/wp-content\/uploads\/2024\/10\/werbefitnessband-2.jpg 800w, https:\/\/www.werbefitnessband.com\/wp-content\/uploads\/2024\/10\/werbefitnessband-2-511x768.jpg 511w, https:\/\/www.werbefitnessband.com\/wp-content\/uploads\/2024\/10\/werbefitnessband-2-768x1154.jpg 768w\" sizes=\"auto, (max-width: 800px) 100vw, 800px\" \/><\/figure>\n<\/div>\n\n\n\n<div class=\"wp-block-column is-layout-flow wp-block-column-is-layout-flow\">\n<h2 class=\"wp-block-heading\">Fitnessb\u00e4nder werden von Physiotherapeut*innen und Krankenkassen empfohlen<\/h2>\n\n\n\n<p class=\"has-white-color has-text-color has-background has-link-color wp-elements-234b1f5e08ab86bafcbbd2fe72cb7c40\" style=\"background-color:#669e2e\"><strong>AUS <\/strong><strong>NATURKAUTSCHUK <\/strong><br><strong>IN 7 ST\u00c4RKEN UND 2 L\u00c4NGEN ERH\u00c4LTLICH<\/strong><\/p>\n\n\n\n<ul class=\"wp-block-list\">\n<li><strong>Ideales Trainingsger\u00e4t<\/strong>, u. a. f\u00fcr die betriebliche Gesundheitsf\u00f6rderung, vielf\u00e4ltig einsetzbar<\/li>\n\n\n\n<li><strong>F\u00fcr Pilates, Gymnastik und Crossfit<\/strong> geeignet<\/li>\n\n\n\n<li><strong>Hoher Nutzwert<\/strong>, aufmerksamkeitsstark, langlebiges Werbemittel<\/li>\n\n\n\n<li><strong>Ab 500 St\u00fcck mit Ihrem Logo bedruckbar<\/strong>, verschiedene Verpackungsoptionen, auch plastikfrei<\/li>\n\n\n\n<li><strong>Auf Wunsch mit beigelegter Fitnessbrosch\u00fcre<\/strong> mit bebilderten Trainings\u00fcbungen <\/li>\n<\/ul>\n\n\n\n<p>Unsere Fitnessb\u00e4nder sind frei von Weichmachern und anderen Schadstoffen (z.B. krebserregende Phthalate), vegan und plastikfrei. Die B\u00e4nder sind vielf\u00e4ltig einsetzbar, strapazierf\u00e4hig und gelenkschonend.<\/p>\n<\/div>\n<\/div>\n\n\n\n<div style=\"height:40px\" aria-hidden=\"true\" class=\"wp-block-spacer\"><\/div>\n\n\n\n<div class=\"wp-block-columns white is-layout-flex wp-container-core-columns-is-layout-9d6595d7 wp-block-columns-is-layout-flex\">\n<div class=\"wp-block-column is-layout-flow wp-block-column-is-layout-flow\">\n<h2 class=\"wp-block-heading\">Fitnessband in 2 L\u00e4ngen: <br>200 x 12 cm oder 150 x 12 cm<\/h2>\n\n\n\n<div style=\"height:60px\" aria-hidden=\"true\" class=\"wp-block-spacer\"><\/div>\n\n\n\n<div class=\"wp-block-group has-white-color has-text-color has-background has-link-color wp-elements-7bce6270ff7c73f6340cec9662ca14b3\" style=\"background-color:#669e2e\"><div class=\"wp-block-group__inner-container is-layout-constrained wp-block-group-is-layout-constrained\">\n<div style=\"height:20px\" aria-hidden=\"true\" class=\"wp-block-spacer\"><\/div>\n\n\n\n<h3 class=\"wp-block-heading\">Ein Kostenbeispiel:<\/h3>\n\n\n\n<ul class=\"wp-block-list has-white-color has-text-color has-link-color wp-elements-a27c33f85b2ae85fc2a9fd55d5c3a622\">\n<li><strong>Mittelstarke B\u00e4nder, Medium (Gr\u00fcn)<\/strong><\/li>\n\n\n\n<li><strong>200 x 12 cm<\/strong><\/li>\n\n\n\n<li><strong>1.000 St\u00fcck<\/strong><\/li>\n\n\n\n<li><strong>Einfarbig bedruckt<\/strong><\/li>\n\n\n\n<li><strong>In Flatpack<\/strong><\/li>\n<\/ul>\n\n\n\n<p class=\"has-medium-font-size\"><strong>= Gesamt netto \u20ac 3,90 \/ St\u00fcck <\/strong><strong>(+ gesetzl. MwSt.)<\/strong><\/p>\n\n\n\n<div style=\"height:1px\" aria-hidden=\"true\" class=\"wp-block-spacer\"><\/div>\n<\/div><\/div>\n<\/div>\n\n\n\n<div class=\"wp-block-column is-layout-flow wp-block-column-is-layout-flow\">\n<h3 class=\"wp-block-heading\">In 7 St\u00e4rken erh\u00e4ltlich<\/h3>\n\n\n\n<div style=\"height:8px\" aria-hidden=\"true\" class=\"wp-block-spacer\"><\/div>\n\n\n<div class=\"wp-block-image float-mobile\">\n<figure class=\"alignleft size-full is-resized\"><img loading=\"lazy\" decoding=\"async\" width=\"400\" height=\"400\" src=\"https:\/\/www.werbefitnessband.com\/wp-content\/uploads\/2024\/10\/square-yellow.jpg\" alt=\"Gelb\" class=\"wp-image-207\" style=\"width:48px\" srcset=\"https:\/\/www.werbefitnessband.com\/wp-content\/uploads\/2024\/10\/square-yellow.jpg 400w, https:\/\/www.werbefitnessband.com\/wp-content\/uploads\/2024\/10\/square-yellow-150x150.jpg 150w\" sizes=\"auto, (max-width: 400px) 100vw, 400px\" \/><\/figure>\n<\/div>\n\n\n<p><strong>LIGHT (GELB)<\/strong><br>St\u00e4rke 0.15mm, 1.7 KG*<\/p>\n\n\n\n<div style=\"height:2px\" aria-hidden=\"true\" class=\"wp-block-spacer\"><\/div>\n\n\n<div class=\"wp-block-image float-mobile\">\n<figure class=\"alignleft size-full is-resized\"><img loading=\"lazy\" decoding=\"async\" width=\"400\" height=\"400\" src=\"https:\/\/www.werbefitnessband.com\/wp-content\/uploads\/2024\/10\/square-red.jpg\" alt=\"Rot\" class=\"wp-image-203\" style=\"width:48px\" srcset=\"https:\/\/www.werbefitnessband.com\/wp-content\/uploads\/2024\/10\/square-red.jpg 400w, https:\/\/www.werbefitnessband.com\/wp-content\/uploads\/2024\/10\/square-red-150x150.jpg 150w\" sizes=\"auto, (max-width: 400px) 100vw, 400px\" \/><\/figure>\n<\/div>\n\n\n<p><strong>LIGHT + (ROT)<\/strong><br>St\u00e4rke 0.20mm, 2.3 KG*<\/p>\n\n\n\n<div style=\"height:2px\" aria-hidden=\"true\" class=\"wp-block-spacer\"><\/div>\n\n\n<div class=\"wp-block-image float-mobile\">\n<figure class=\"alignleft size-full is-resized\"><img loading=\"lazy\" decoding=\"async\" width=\"400\" height=\"400\" src=\"https:\/\/www.werbefitnessband.com\/wp-content\/uploads\/2024\/10\/square-green.jpg\" alt=\"Gr\u00fcn\" class=\"wp-image-199\" style=\"width:48px\" srcset=\"https:\/\/www.werbefitnessband.com\/wp-content\/uploads\/2024\/10\/square-green.jpg 400w, https:\/\/www.werbefitnessband.com\/wp-content\/uploads\/2024\/10\/square-green-150x150.jpg 150w\" sizes=\"auto, (max-width: 400px) 100vw, 400px\" \/><\/figure>\n<\/div>\n\n\n<p><strong>MEDIUM (GR\u00dcN)<\/strong><br>St\u00e4rke 0.25mm, 2.9 KG*<\/p>\n\n\n\n<div style=\"height:2px\" aria-hidden=\"true\" class=\"wp-block-spacer\"><\/div>\n\n\n<div class=\"wp-block-image float-mobile\">\n<figure class=\"alignleft size-full is-resized\"><img loading=\"lazy\" decoding=\"async\" width=\"400\" height=\"400\" src=\"https:\/\/www.werbefitnessband.com\/wp-content\/uploads\/2024\/10\/square-blue.jpg\" alt=\"Blau\" class=\"wp-image-197\" style=\"width:48px\" srcset=\"https:\/\/www.werbefitnessband.com\/wp-content\/uploads\/2024\/10\/square-blue.jpg 400w, https:\/\/www.werbefitnessband.com\/wp-content\/uploads\/2024\/10\/square-blue-150x150.jpg 150w\" sizes=\"auto, (max-width: 400px) 100vw, 400px\" \/><\/figure>\n<\/div>\n\n\n<p><strong>MEDIUM + (BLAU)<\/strong><br>St\u00e4rke 0.30mm, 3.6 KG*<\/p>\n\n\n\n<div style=\"height:2px\" aria-hidden=\"true\" class=\"wp-block-spacer\"><\/div>\n\n\n<div class=\"wp-block-image float-mobile\">\n<figure class=\"alignleft size-full is-resized\"><img loading=\"lazy\" decoding=\"async\" width=\"400\" height=\"400\" src=\"https:\/\/www.werbefitnessband.com\/wp-content\/uploads\/2024\/10\/square-black.jpg\" alt=\"Schwarz\" class=\"wp-image-195\" style=\"width:48px\" srcset=\"https:\/\/www.werbefitnessband.com\/wp-content\/uploads\/2024\/10\/square-black.jpg 400w, https:\/\/www.werbefitnessband.com\/wp-content\/uploads\/2024\/10\/square-black-150x150.jpg 150w\" sizes=\"auto, (max-width: 400px) 100vw, 400px\" \/><\/figure>\n<\/div>\n\n\n<p><strong>STRONG (SCHWARZ)<\/strong><br>St\u00e4rke 0.35mm, 4.4 KG*<\/p>\n\n\n\n<div style=\"height:2px\" aria-hidden=\"true\" class=\"wp-block-spacer\"><\/div>\n\n\n<div class=\"wp-block-image float-mobile\">\n<figure class=\"alignleft size-full is-resized\"><img loading=\"lazy\" decoding=\"async\" width=\"400\" height=\"400\" src=\"https:\/\/www.werbefitnessband.com\/wp-content\/uploads\/2024\/10\/square-lila.jpg\" alt=\"Lila\" class=\"wp-image-201\" style=\"width:48px\" srcset=\"https:\/\/www.werbefitnessband.com\/wp-content\/uploads\/2024\/10\/square-lila.jpg 400w, https:\/\/www.werbefitnessband.com\/wp-content\/uploads\/2024\/10\/square-lila-150x150.jpg 150w\" sizes=\"auto, (max-width: 400px) 100vw, 400px\" \/><\/figure>\n<\/div>\n\n\n<p><strong>STRONG + (LILA)<\/strong><br>St\u00e4rke 0.40mm, 5.2 KG*<\/p>\n\n\n\n<div style=\"height:2px\" aria-hidden=\"true\" class=\"wp-block-spacer\"><\/div>\n\n\n<div class=\"wp-block-image float-mobile\">\n<figure class=\"alignleft size-full is-resized\"><img loading=\"lazy\" decoding=\"async\" width=\"400\" height=\"400\" src=\"https:\/\/www.werbefitnessband.com\/wp-content\/uploads\/2024\/10\/square-silver.jpg\" alt=\"Silber\" class=\"wp-image-205\" style=\"width:48px\" srcset=\"https:\/\/www.werbefitnessband.com\/wp-content\/uploads\/2024\/10\/square-silver.jpg 400w, https:\/\/www.werbefitnessband.com\/wp-content\/uploads\/2024\/10\/square-silver-150x150.jpg 150w\" sizes=\"auto, (max-width: 400px) 100vw, 400px\" \/><\/figure>\n<\/div>\n\n\n<p><strong>STRONG ULTIMATE (SILBER)<\/strong><br>St\u00e4rke 0.45mm, 6.0 KG*<\/p>\n\n\n\n<div style=\"height:2px\" aria-hidden=\"true\" class=\"wp-block-spacer\"><\/div>\n\n\n\n<p class=\"has-small-font-size\">* Widerstand (kg) bei Dehnung um 200 %<\/p>\n<\/div>\n<\/div>\n\n\n\n<div style=\"height:30px\" aria-hidden=\"true\" class=\"wp-block-spacer\"><\/div>\n\n\n\n<h2 class=\"wp-block-heading has-text-align-center\">Motivieren Sie zu mehr Bewegung mit einem vielf\u00e4ltig einsetzbarem Fitnessband zu kleinen Kosten.<\/h2>\n\n\n\n<div style=\"height:30px\" aria-hidden=\"true\" class=\"wp-block-spacer\"><\/div>\n\n\n\n<div class=\"wp-block-columns is-layout-flex wp-container-core-columns-is-layout-9d6595d7 wp-block-columns-is-layout-flex\">\n<div class=\"wp-block-column is-layout-flow wp-block-column-is-layout-flow\">\n<figure class=\"wp-block-image size-full\"><img loading=\"lazy\" decoding=\"async\" width=\"800\" height=\"800\" src=\"https:\/\/www.werbefitnessband.com\/wp-content\/uploads\/2024\/10\/werbefitnessband-6.jpg\" alt=\"Werbefitnessband: eigenes Logo\" class=\"wp-image-123\" srcset=\"https:\/\/www.werbefitnessband.com\/wp-content\/uploads\/2024\/10\/werbefitnessband-6.jpg 800w, https:\/\/www.werbefitnessband.com\/wp-content\/uploads\/2024\/10\/werbefitnessband-6-768x768.jpg 768w, https:\/\/www.werbefitnessband.com\/wp-content\/uploads\/2024\/10\/werbefitnessband-6-150x150.jpg 150w\" sizes=\"auto, (max-width: 800px) 100vw, 800px\" \/><\/figure>\n\n\n\n<div style=\"height:16px\" aria-hidden=\"true\" class=\"wp-block-spacer\"><\/div>\n\n\n\n<h3 class=\"wp-block-heading\">Ihr Logo<\/h3>\n\n\n\n<p>Frei platzierbares Logo kann in schwarz oder wei\u00df gedruckt werden. Der Druck ist sehr dehnf\u00e4hig und lange haltbar.<\/p>\n<\/div>\n\n\n\n<div class=\"wp-block-column is-layout-flow wp-block-column-is-layout-flow\">\n<figure class=\"wp-block-image size-full\"><img loading=\"lazy\" decoding=\"async\" width=\"800\" height=\"800\" src=\"https:\/\/www.werbefitnessband.com\/wp-content\/uploads\/2024\/10\/werbefitnessband-4.jpg\" alt=\"Fitness Band personalisierte Verpackung\" class=\"wp-image-119\" srcset=\"https:\/\/www.werbefitnessband.com\/wp-content\/uploads\/2024\/10\/werbefitnessband-4.jpg 800w, https:\/\/www.werbefitnessband.com\/wp-content\/uploads\/2024\/10\/werbefitnessband-4-768x768.jpg 768w, https:\/\/www.werbefitnessband.com\/wp-content\/uploads\/2024\/10\/werbefitnessband-4-150x150.jpg 150w\" sizes=\"auto, (max-width: 800px) 100vw, 800px\" \/><\/figure>\n\n\n\n<div style=\"height:16px\" aria-hidden=\"true\" class=\"wp-block-spacer\"><\/div>\n\n\n\n<h3 class=\"wp-block-heading\">Ihre Verpackung<\/h3>\n\n\n\n<p>Gen\u00fcgend Platz f\u00fcr Ihre werbliche Markierung und\/oder Ihr Logo. Bereits ab 500 St\u00fcck k\u00f6nnen wir die Stecklaschen-Packung f\u00fcr Sie anfertigen. Grafik durch uns oder ihre Grafikabteilung mit vorhandener Vorlage zur Gestaltung.<\/p>\n<\/div>\n\n\n\n<div class=\"wp-block-column is-layout-flow wp-block-column-is-layout-flow\">\n<figure class=\"wp-block-image size-full\"><img loading=\"lazy\" decoding=\"async\" width=\"800\" height=\"800\" src=\"https:\/\/www.werbefitnessband.com\/wp-content\/uploads\/2024\/10\/werbefitnessband-5.jpg\" alt=\"Fitness Brosch\u00fcre: Training mit dem Fitnessband\" class=\"wp-image-121\" srcset=\"https:\/\/www.werbefitnessband.com\/wp-content\/uploads\/2024\/10\/werbefitnessband-5.jpg 800w, https:\/\/www.werbefitnessband.com\/wp-content\/uploads\/2024\/10\/werbefitnessband-5-768x768.jpg 768w, https:\/\/www.werbefitnessband.com\/wp-content\/uploads\/2024\/10\/werbefitnessband-5-150x150.jpg 150w\" sizes=\"auto, (max-width: 800px) 100vw, 800px\" \/><\/figure>\n\n\n\n<div style=\"height:16px\" aria-hidden=\"true\" class=\"wp-block-spacer\"><\/div>\n\n\n\n<h3 class=\"wp-block-heading\">Ihre Fitnessbrosch\u00fcre<\/h3>\n\n\n\n<p>Im Format DIN A6 ist auf 24 Seiten Platz f\u00fcr 17 Fitness-\u00dcbungen und erkl\u00e4renden Texten. Die Umschlagseiten k\u00f6nnen individualisiert werden, entweder durch uns, oder bei Ihnen Inhouse mit vorhandener Vorlage.<\/p>\n<\/div>\n<\/div>\n\n\n\n<div style=\"height:30px\" aria-hidden=\"true\" class=\"wp-block-spacer\"><\/div>\n\n\n\n<p>Betriebliche Gesundheitsvorsorge und k\u00f6rperliche Rehabilitation kommt immer mehr in den Fokus von Unternehmen und Einrichtungen der Gesundheitsvorsorge. Die Erh\u00f6hung des Fitnessgrades ist von hohem, besonders auch gesellschaftlichem Nutzen. Viele Betriebe motivieren zur Fitness der Mitarbeiter:innen und Kranken-und Unfallversicherungen sind an effektiven Rehabilitationsma\u00dfnahmen zu kleinen Kosten interessiert.<\/p>\n\n\n\n<h3 class=\"wp-block-heading\">Wir haben unser Angebot erheblich erweitert und flexibler (k\u00fcrzere Lieferzeiten) gestaltet, f\u00fcr ein komplettes Angebot an Sie:<\/h3>\n\n\n\n<p>Schon in kleiner Auflage k\u00f6nnen wir <strong>Fitnessb\u00e4nder <\/strong>produzieren, bedrucken und in einer individualisierbaren Kissensteckmappe verpacken. Und um das Angebot rund zu machen und auch eine rege Nutzung des Fitnessger\u00e4tes zu realisieren, kann eine Brosch\u00fcre mit 17 \u00dcbungsanleitungen beigelegt werden. Der Titel kann mit Ihrem Logo versehen werden oder aber Sie gestalten den Titel nach eigenen W\u00fcnschen. Das kann bei Notwendigkeit auch mal ganz schnell produziert werden mit unserer <strong>Express-Lieferm\u00f6glichkeit<\/strong> (4 Wochen \u2013 auflagenabh\u00e4ngig).<\/p>\n\n\n\n<p>Dann ist ihr Unternehmen der wiedererkennbare Absender f\u00fcr ein Fitness-Ger\u00e4t, das auf ideale Weise das Bem\u00fchen um eine verbesserte Fitness, auch im Unternehmensinteresse, f\u00f6rdert. <\/p>\n\n\n\n<p><strong>Gerne k\u00f6nnen wir Ihnen ein ma\u00dfgeschneidertes Angebot f\u00fcr dieses Produkt machen.<\/strong><\/p>\n\n\n\n<div style=\"height:30px\" aria-hidden=\"true\" class=\"wp-block-spacer\"><\/div>\n\n\n\n<figure class=\"wp-block-image size-full\"><img loading=\"lazy\" decoding=\"async\" width=\"2500\" height=\"1372\" src=\"https:\/\/www.werbefitnessband.com\/wp-content\/uploads\/2024\/10\/werbefitnessband-3.jpg\" alt=\"Frau trainiert vor Fenster mit Werbefitnessband. Schriftzug: always ethical, always sustainable from plant to product.\" class=\"wp-image-117\" srcset=\"https:\/\/www.werbefitnessband.com\/wp-content\/uploads\/2024\/10\/werbefitnessband-3.jpg 2500w, https:\/\/www.werbefitnessband.com\/wp-content\/uploads\/2024\/10\/werbefitnessband-3-768x421.jpg 768w, https:\/\/www.werbefitnessband.com\/wp-content\/uploads\/2024\/10\/werbefitnessband-3-1536x843.jpg 1536w, https:\/\/www.werbefitnessband.com\/wp-content\/uploads\/2024\/10\/werbefitnessband-3-2048x1124.jpg 2048w\" sizes=\"auto, (max-width: 2500px) 100vw, 2500px\" \/><\/figure>\n","protected":false},"excerpt":{"rendered":"<p>Fitnessb\u00e4nder als Werbeartikel Schnell wieder in Bewegung kommen mit eigenem Logo-Aufdruck und individueller Verpackung Fitnessb\u00e4nder werden von Physiotherapeut*innen und Krankenkassen empfohlen AUS NATURKAUTSCHUK IN 7 ST\u00c4RKEN UND 2 L\u00c4NGEN ERH\u00c4LTLICH Unsere Fitnessb\u00e4nder sind frei von Weichmachern und anderen Schadstoffen (z.B. krebserregende Phthalate), vegan und plastikfrei. Die B\u00e4nder sind [&hellip;]<\/p>\n","protected":false},"author":2,"featured_media":0,"parent":0,"menu_order":1,"comment_status":"closed","ping_status":"closed","template":"","meta":{"_acf_changed":false,"footnotes":""},"class_list":["post-13","page","type-page","status-publish","hentry"],"acf":[],"_links":{"self":[{"href":"https:\/\/www.werbefitnessband.com\/de\/wp-json\/wp\/v2\/pages\/13","targetHints":{"allow":["GET"]}}],"collection":[{"href":"https:\/\/www.werbefitnessband.com\/de\/wp-json\/wp\/v2\/pages"}],"about":[{"href":"https:\/\/www.werbefitnessband.com\/de\/wp-json\/wp\/v2\/types\/page"}],"author":[{"embeddable":true,"href":"https:\/\/www.werbefitnessband.com\/de\/wp-json\/wp\/v2\/users\/2"}],"replies":[{"embeddable":true,"href":"https:\/\/www.werbefitnessband.com\/de\/wp-json\/wp\/v2\/comments?post=13"}],"version-history":[{"count":5,"href":"https:\/\/www.werbefitnessband.com\/de\/wp-json\/wp\/v2\/pages\/13\/revisions"}],"predecessor-version":[{"id":574,"href":"https:\/\/www.werbefitnessband.com\/de\/wp-json\/wp\/v2\/pages\/13\/revisions\/574"}],"wp:attachment":[{"href":"https:\/\/www.werbefitnessband.com\/de\/wp-json\/wp\/v2\/media?parent=13"}],"curies":[{"name":"wp","href":"https:\/\/api.w.org\/{rel}","templated":true}]}}